{"id":1489,"date":"2018-04-06T15:31:05","date_gmt":"2018-04-06T13:31:05","guid":{"rendered":"http:\/\/castellersdesparreguera.cat\/?page_id=1489"},"modified":"2020-10-09T21:21:35","modified_gmt":"2020-10-09T19:21:35","slug":"1489-2","status":"publish","type":"page","link":"https:\/\/castellersdesparreguera.cat\/?page_id=1489","title":{"rendered":"Vine a fer castells"},"content":{"rendered":"<p><section class=\"kc-elm kc-css-80949 kc_row\"><div class=\"kc-row-container  kc-container\"><div class=\"kc-wrap-columns\"><div class=\"kc-elm kc-css-116248 kc_col-sm-12 kc_column kc_col-sm-12\"><div class=\"kc-col-container\"><div class=\"kc-elm kc-css-761632\" style=\"height: 500px; clear: both; width:100%;\"><\/div><\/div><\/div><\/div><\/div><\/section><section class=\"kc-elm kc-css-649049 kc_row\"><div class=\"kc-row-container  kc-container\"><div class=\"kc-wrap-columns\"><div class=\"kc-elm kc-css-681696 kc_col-sm-12 kc_column kc_col-sm-12\"><div class=\"kc-col-container\">\n<div class=\"kc-elm kc-css-582507 kc-title-wrap \">\n\n\t<h3 class=\"kc_title\">Tens ganes de fer castells? T\u2019estem esperant!<\/h3>\n<\/div>\n<\/div><\/div><\/div><\/div><\/section><section class=\"kc-elm kc-css-906986 kc_row\"><div class=\"kc-row-container  kc-container\"><div class=\"kc-wrap-columns\"><div class=\"kc-elm kc-css-311265 kc_col-sm-8 kc_column kc_col-sm-8\"><div class=\"kc-col-container\"><div class=\"kc-elm kc-css-625985 kc_text_block\"><\/p>\n<p><span lang=\"CA\">Fa temps que est\u00e0s interessat en el m\u00f3n casteller i fins ara no has tingut temps de poder formar part d\u2019una colla \u00a0viure\u2019l des de dins?\u00a0<\/span>O b\u00e9 tens ganes de viure noves experi\u00e8ncies i formar part d\u2019una tradici\u00f3 cultural bicenten\u00e0ria?<\/p>\n<p>A la nostra colla tothom hi \u00e9s benvingut! Potser no ho saps, per\u00f2 absolutament tothom pot fer castells. Hi trobar\u00e0s gent de totes les edats, llocs, condicions f\u00edsiques, al\u00e7ades, etc. i segur, que hi trobar\u00e0s un lloc per a tu!<\/p>\n<p><span lang=\"CA\">Actualment, som gent d\u2019Esparreguera i dels pobles del voltant (Martorell, El Bruc, Collbat\u00f3, Abrera, Olesa de Montserrat, Masquefa, Monistrol, etc.) aix\u00ed que molt possiblement, trobis alg\u00fa conegut i sin\u00f3, no et preocupis que podr\u00e0s con\u00e8ixer molta gent nova! <\/span><\/p>\n<h2><span style=\"color: #993366;\"><strong><span lang=\"CA\">Aix\u00ed doncs, anima\u2019t i vine un dia a assaig i despr\u00e9s, ja decidir\u00e0s si t\u2019enganxes!<\/span><\/strong><\/span><\/h2>\n<div style=\"text-align: center;\"><strong><span style=\"text-indent: 0em;\">EST\u00c0S A UN PAS D&#039;ENTRAR A LA NOSTRA COLLA<\/span><\/strong><\/div>\n<div><strong style=\"text-indent: 0em;\">\u00c9s molt\u00a0senzill<\/strong><span style=\"text-indent: 0em;\">, ens pots trobar cada <\/span><strong style=\"text-indent: 0em;\">dimarts<\/strong><span style=\"text-indent: 0em;\"> i cada <\/span><strong style=\"text-indent: 0em;\">divendres<\/strong><span style=\"text-indent: 0em;\"> al nostre local. L\u2019\u00fanic que necessites per venir s\u00f3n moltes ganes de fer castells, de relacionar-te amb altres castellers i de con\u00e8ixer un m\u00f3n que t\u2019apassionar\u00e0.<\/span><\/div>\n<p><strong><span lang=\"CA\" style=\"color: #993366;\">Per si tens dubtes\u2026\u00a0<\/span><\/strong><\/p>\n<p><span lang=\"CA\">&#8211;\u00a0\u00a0\u00a0\u00a0\u00a0\u00a0\u00a0<\/span><span lang=\"CA\"><a href=\"https:\/\/castellersdesparreguera.cat\/?page_id=1515\">Aqu\u00ed<\/a>\u00a0tens m\u00e9s informaci\u00f3 sobre els assajos.\u00a0<\/span><\/p>\n<p><span lang=\"CA\">&#8211;\u00a0\u00a0\u00a0\u00a0\u00a0\u00a0\u00a0<\/span><span lang=\"CA\">Si vols venir ben preparat, porta una\u00a0camisa vella\u00a0i uns\u00a0texans.<\/span><\/p>\n<p><span lang=\"CA\">I no t\u2019amo\u00efnis m\u00e9s, quan arribis&#8230; Ja et buscarem!<\/span><\/p>\n<p><span lang=\"CA\">Per qualsevol altre dubte, pots escriure un correu a\u00a0<\/span><span lang=\"CA\"><a href=\"mailto:colla@castellersdesparreguera.cat\">colla@castellersdesparreguera.cat<\/a><\/span><\/p>\n<p class=\"MsoNormal\" style=\"margin-top: 12.0pt; text-align: justify; line-height: 150%;\">\n<\/div><\/div><\/div><div class=\"kc-elm kc-css-958904 kc_col-sm-3 kc_column kc_col-sm-3\"><div class=\"kc-col-container\"><div class=\"kc-elm kc-css-544218 kc_shortcode kc_single_image\">\n\n        <img decoding=\"async\" src=\"https:\/\/castellersdesparreguera.cat\/wp-content\/uploads\/2018\/04\/P_20171124_233236.jpg\" class=\"\" alt=\"\" \/>    <\/div>\n<\/div><\/div><\/div><\/div><\/section><\/p>\n","protected":false},"excerpt":{"rendered":"","protected":false},"author":1,"featured_media":0,"parent":0,"menu_order":7,"comment_status":"closed","ping_status":"closed","template":"","meta":{"footnotes":""},"class_list":["post-1489","page","type-page","status-publish","hentry"],"_links":{"self":[{"href":"https:\/\/castellersdesparreguera.cat\/index.php?rest_route=\/wp\/v2\/pages\/1489","targetHints":{"allow":["GET"]}}],"collection":[{"href":"https:\/\/castellersdesparreguera.cat\/index.php?rest_route=\/wp\/v2\/pages"}],"about":[{"href":"https:\/\/castellersdesparreguera.cat\/index.php?rest_route=\/wp\/v2\/types\/page"}],"author":[{"embeddable":true,"href":"https:\/\/castellersdesparreguera.cat\/index.php?rest_route=\/wp\/v2\/users\/1"}],"replies":[{"embeddable":true,"href":"https:\/\/castellersdesparreguera.cat\/index.php?rest_route=%2Fwp%2Fv2%2Fcomments&post=1489"}],"version-history":[{"count":19,"href":"https:\/\/castellersdesparreguera.cat\/index.php?rest_route=\/wp\/v2\/pages\/1489\/revisions"}],"predecessor-version":[{"id":1493,"href":"https:\/\/castellersdesparreguera.cat\/index.php?rest_route=\/wp\/v2\/pages\/1489\/revisions\/1493"}],"wp:attachment":[{"href":"https:\/\/castellersdesparreguera.cat\/index.php?rest_route=%2Fwp%2Fv2%2Fmedia&parent=1489"}],"curies":[{"name":"wp","href":"https:\/\/api.w.org\/{rel}","templated":true}]}}