{"id":1993,"date":"2018-04-11T20:06:04","date_gmt":"2018-04-11T18:06:04","guid":{"rendered":"http:\/\/castellersdesparreguera.cat\/?page_id=1993"},"modified":"2026-02-20T09:03:52","modified_gmt":"2026-02-20T08:03:52","slug":"la-canalla","status":"publish","type":"page","link":"https:\/\/castellersdesparreguera.cat\/?page_id=1993","title":{"rendered":"La canalla"},"content":{"rendered":"<p><section class=\"kc-elm kc-css-785892 kc_row\"><div class=\"kc-row-container  kc-container\"><div class=\"kc-wrap-columns\"><div class=\"kc-elm kc-css-24551 kc_col-sm-12 kc_column kc_col-sm-12\"><div class=\"kc-col-container\"><div class=\"kc-elm kc-css-578997 kc_text_block\"><\/p>\n<p>La canalla, els que ens demostren dia a dia com \u00e9s d&#8217;important i el valor que t\u00e9 la colla per a ells. S\u00f3n els m\u00e9s valents de tots, imprescindibles per poder fer els castells i que senten la colla com els que m\u00e9s. Ells s\u00f3n aix\u00ed; els nostres<\/p>\n<p>Tenim un assaig enfocat per als m\u00e9s menuts, ideal per aquests que donen o volen donar els seus primers passos en els castells. Per\u00f2 tenim clara una cosa:<\/p>\n<p style=\"text-align: center;\"><span style=\"color: #993366;\"><strong>Fem castells per gaudir i passar-nos-ho d&#8217;all\u00f2 m\u00e9s b\u00e9!<\/strong><\/span><\/p>\n<p>\u00c9s un assaig on hi ha menys gent i et podem donar m\u00e9s atenci\u00f3 a les teves necessitats i ajudar-te a millorar en la teva aventura castellera. Tamb\u00e9 fer castells t&#8217;ajudar\u00e0 a fer nous amics, establir relacions amb persones m\u00e9s grans o m\u00e9s petites que tu, a jugar i tamb\u00e9 podr\u00e0s venir a les nostres sortides que fem durant l&#8217;any per enfortir el vincle amb la resta de la canalla i l&#8217;equip de canalla (col\u00f2nies, excursions, etc.)<\/p>\n<p>Per als m\u00e9s menuts, el fet de cr\u00e9ixer en un entorn com els dels castells els hi proporciona moltes qualitats positives, ja que el fet d&#8217;estar en relaci\u00f3 amb gent de totes les edats i caracter\u00edstiques, i a m\u00e9s, poder compartir amb ells molts moments i objectius, els aportar\u00e0 grans experi\u00e8ncies per la vida.<\/p>\n<p>Aix\u00ed doncs, si tens ganes o els teus fills o filles volen venir a fer castells, l&#8217;assaig de canalla \u00e9s un bon punt de partida: els <strong>dimarts a les 20.00h i divendres a les<\/strong>\u00a0<strong>20.00 h<\/strong> a l&#8217;Antic Escorxador (c\/ Llobregat, 2).<\/p>\n<p>\n<\/div><\/div><\/div><\/div><\/div><\/section><section class=\"kc-elm kc-css-266465 kc_row\"><div class=\"kc-row-container  kc-container\"><div class=\"kc-wrap-columns\"><div class=\"kc-elm kc-css-254283 kc_col-sm-12 kc_column kc_col-sm-12\"><div class=\"kc-col-container\"><div class=\"kc-elm kc-css-544783\">\n\t<div class=\"kc-carousel_images kc-elm kc-css-544783\">\n\t\n\t\t<div class=\"kc-carousel-images owl-carousel-images kc-sync1 \" data-owl-i-options='{\"items\":\"3\",\"tablet\":\"3\",\"mobile\":\"3\",\"speed\":\"500\",\"navigation\":\"\",\"pagination\":\"yes\",\"autoheight\":\"\",\"progressbar\":\"\",\"delay\":\"8\",\"autoplay\":\"yes\",\"showthumb\":\"\",\"num_thumb\":\"5\"}'>\n\t\n\t\t\t\t\t<div class=\"item\">\n\t\n\t\t\t\t\t\t\t<img decoding=\"async\" src=\"https:\/\/castellersdesparreguera.cat\/wp-content\/uploads\/2018\/04\/canalla.jpg\"  alt=\"\"\/>\n\t\n\t\t\t\t\n\t\t\t<\/div>\n\t\n\t\t\t\t\t<div class=\"item\">\n\t\n\t\t\t\t\t\t\t<img decoding=\"async\" src=\"https:\/\/castellersdesparreguera.cat\/wp-content\/uploads\/2018\/04\/DSC09802.jpg\"  alt=\"\"\/>\n\t\n\t\t\t\t\n\t\t\t<\/div>\n\t\n\t\t\t\t\t<div class=\"item\">\n\t\n\t\t\t\t\t\t\t<img decoding=\"async\" src=\"https:\/\/castellersdesparreguera.cat\/wp-content\/uploads\/2018\/04\/canalla-1.jpg\"  alt=\"\"\/>\n\t\n\t\t\t\t\n\t\t\t<\/div>\n\t\n\t\t\t\n\t\t<\/div>\n\t\n\t\t\t<\/div>\n<\/div>\n<\/div><\/div><\/div><\/div><\/section><\/p>\n","protected":false},"excerpt":{"rendered":"","protected":false},"author":1,"featured_media":0,"parent":0,"menu_order":3,"comment_status":"closed","ping_status":"closed","template":"","meta":{"footnotes":""},"class_list":["post-1993","page","type-page","status-publish","hentry"],"_links":{"self":[{"href":"https:\/\/castellersdesparreguera.cat\/index.php?rest_route=\/wp\/v2\/pages\/1993","targetHints":{"allow":["GET"]}}],"collection":[{"href":"https:\/\/castellersdesparreguera.cat\/index.php?rest_route=\/wp\/v2\/pages"}],"about":[{"href":"https:\/\/castellersdesparreguera.cat\/index.php?rest_route=\/wp\/v2\/types\/page"}],"author":[{"embeddable":true,"href":"https:\/\/castellersdesparreguera.cat\/index.php?rest_route=\/wp\/v2\/users\/1"}],"replies":[{"embeddable":true,"href":"https:\/\/castellersdesparreguera.cat\/index.php?rest_route=%2Fwp%2Fv2%2Fcomments&post=1993"}],"version-history":[{"count":15,"href":"https:\/\/castellersdesparreguera.cat\/index.php?rest_route=\/wp\/v2\/pages\/1993\/revisions"}],"predecessor-version":[{"id":13421,"href":"https:\/\/castellersdesparreguera.cat\/index.php?rest_route=\/wp\/v2\/pages\/1993\/revisions\/13421"}],"wp:attachment":[{"href":"https:\/\/castellersdesparreguera.cat\/index.php?rest_route=%2Fwp%2Fv2%2Fmedia&parent=1993"}],"curies":[{"name":"wp","href":"https:\/\/api.w.org\/{rel}","templated":true}]}}