{"id":2016,"date":"2018-04-15T18:38:19","date_gmt":"2018-04-15T16:38:19","guid":{"rendered":"http:\/\/castellersdesparreguera.cat\/?page_id=2016"},"modified":"2025-01-13T22:28:04","modified_gmt":"2025-01-13T21:28:04","slug":"gralles-i-tabals","status":"publish","type":"page","link":"https:\/\/castellersdesparreguera.cat\/?page_id=2016","title":{"rendered":"Gralles i tabals"},"content":{"rendered":"<p><section class=\"kc-elm kc-css-668571 kc_row\"><div class=\"kc-row-container  kc-container\"><div class=\"kc-wrap-columns\"><div class=\"kc-elm kc-css-326090 kc_col-sm-7 kc_column kc_col-sm-7\"><div class=\"kc-col-container\"><div class=\"kc-elm kc-css-415978 kc_text_block\"><\/p>\n<p><strong>QUI SOM?<\/strong><\/p>\n<p>Hola futur grallers i tabalers dels Castellers d\u2019Esparreguera!<\/p>\n<p>Som una fam\u00edlia de m\u00fasics del montserrat\u00ed amb membres de totes les edats i amb ganes de ser molts m\u00e9s.<\/p>\n<p>Com a bons hooligans bordeus que som, ens trobareu acompanyant a la colla amb les nostres gralles i tabals a totes les actuacions castelleres. Toquem el toc de castells mentres veiem elairar-se els castells treballats a assaig. Com a m\u00fasic que s\u00f3c, he de confessar que em segueixo emocionant tocant l\u2019aleta quan l\u2019enxaneta creua el castell. Plaers de ser m\u00fasics.<\/p>\n<p><strong style=\"font-style: inherit;\">\u00a0<\/strong><\/p>\n<p><strong style=\"font-style: inherit;\">REQUISITS I PROVA DE SELECCI\u00d3<\/strong><\/p>\n<p>\u00c9s broma!!!<\/p>\n<p>Els nostres futurs gralles\/tabalers necessiten complir nom\u00e9s un \u00fanic requisit, (i no, no \u00e9s saber solfeig), sin\u00f3 tenir moltes ganes de passar-ho b\u00e9 tant als assajos com a les places. Nosaltres ja ens encarregarem de que aprenguis el toc de castells amb els ulls tancats!<\/p>\n<p>Alguns membres porten molts anys tocant a la colla i d\u2019altres s\u00f3n novatus d\u2019aquest any. Cada assaig intentem millorar el nivell musical de tots i aprendre noves can\u00e7ons i d\u2019aquesta manera ampliar el nostre repertori i sonar el millor.<\/p>\n<p><strong style=\"font-style: inherit;\">\u00a0<\/strong><\/p>\n<p><strong style=\"font-style: inherit;\">QU\u00c8 FEM?<\/strong><\/p>\n<p>Ens reunim cada setmana per assajar noves peces i repassar-ne de les tradicionals.<\/p>\n<p>Participem en les cercaviles, trobades de grallers i tabalers del m\u00f3n casteller i no casteller i les famoses matinades d\u2019Esparreguera. \u00c9s un dia molt complet pels m\u00fasics i bonic, despertem Esparreguera des de dalt de tot del campanar i toquem mirant la nostra estimada muntanya de Montserrat; acompanyats dels valents que s\u2019han llevat d\u2019hora i d\u2019altres que encara no han anat a dormir. I despr\u00e9s, esmorzem tots plegats esperant la nostra diada.<\/p>\n<p>Com hem dit abans, som a totes les diades castelleres tocant el toc de castells i en acabar ens unim amb els m\u00fasics de les d\u2019altres colles i toquem el toc de vermut.<\/p>\n<p>Tamb\u00e9 explicar-vos que algun any per Festa Major d\u2019Esparreguera organitzem un ball de gralles on sonen can\u00e7ons com les d\u2019Obrint Pas, La tanga de Plats Bruts, el tetris, Bola de Drac&#8230; \u00e9s un dels dies m\u00e9s esperats pels m\u00fasics.<\/p>\n<p><strong style=\"font-style: inherit;\">\u00a0<\/strong><\/p>\n<p><strong style=\"font-style: inherit;\">ASSAJOS<\/strong><\/p>\n<p>Els m\u00fasics dels Castellers d\u2019Esparreguera assagem els divendres de 20.00h a l\u2019Escorxador.<\/p>\n<p>A m\u00e9s, un dijous al mes hi ha assaig \u00fanicament de tabal.<\/p>\n<p>\n<\/div><\/div><\/div><div class=\"kc-elm kc-css-374659 kc_col-sm-5 kc_column kc_col-sm-5\"><div class=\"kc-col-container\"><div class=\"kc-elm kc-css-419480 kc_shortcode kc_single_image\">\n\n        <img decoding=\"async\" src=\"https:\/\/castellersdesparreguera.cat\/wp-content\/uploads\/2018\/04\/DSC09133.jpg\" class=\"\" alt=\"\" \/>    <\/div>\n<div class=\"kc-elm kc-css-295694 kc_shortcode kc_single_image\">\n\n        <img decoding=\"async\" src=\"https:\/\/castellersdesparreguera.cat\/wp-content\/uploads\/2018\/04\/IMG-20170708-WA0066.jpg\" class=\"\" alt=\"\" \/>    <\/div>\n<div class=\"kc-elm kc-css-62481 kc_shortcode kc_single_image\">\n\n        <img decoding=\"async\" src=\"https:\/\/castellersdesparreguera.cat\/wp-content\/uploads\/2018\/04\/DSC08769.jpg\" class=\"\" alt=\"\" \/>    <\/div>\n<div class=\"kc-elm kc-css-872754 kc_shortcode kc_single_image\">\n\n        <img decoding=\"async\" src=\"https:\/\/castellersdesparreguera.cat\/wp-content\/uploads\/2018\/04\/DSC08676.jpg\" class=\"\" alt=\"\" \/>    <\/div>\n<\/div><\/div><\/div><\/div><\/section><section class=\"kc-elm kc-css-489775 kc_row\"><div class=\"kc-row-container  kc-container\"><div class=\"kc-wrap-columns\"><div class=\"kc-elm kc-css-639712 kc_col-sm-12 kc_column kc_col-sm-12\"><div class=\"kc-col-container\"><div class=\"kc-elm kc-css-339969\" style=\"height: 80px; clear: both; width:100%;\"><\/div><div class=\"kc-elm kc-css-832674 kc_shortcode kc_single_image\">\n\n        <img decoding=\"async\" src=\"https:\/\/castellersdesparreguera.cat\/wp-content\/uploads\/2018\/04\/gralles-i-tabals004.png\" class=\"\" alt=\"\" \/>    <\/div>\n<\/div><\/div><\/div><\/div><\/section><\/p>\n","protected":false},"excerpt":{"rendered":"","protected":false},"author":1,"featured_media":0,"parent":0,"menu_order":4,"comment_status":"closed","ping_status":"closed","template":"","meta":{"footnotes":""},"class_list":["post-2016","page","type-page","status-publish","hentry"],"_links":{"self":[{"href":"https:\/\/castellersdesparreguera.cat\/index.php?rest_route=\/wp\/v2\/pages\/2016","targetHints":{"allow":["GET"]}}],"collection":[{"href":"https:\/\/castellersdesparreguera.cat\/index.php?rest_route=\/wp\/v2\/pages"}],"about":[{"href":"https:\/\/castellersdesparreguera.cat\/index.php?rest_route=\/wp\/v2\/types\/page"}],"author":[{"embeddable":true,"href":"https:\/\/castellersdesparreguera.cat\/index.php?rest_route=\/wp\/v2\/users\/1"}],"replies":[{"embeddable":true,"href":"https:\/\/castellersdesparreguera.cat\/index.php?rest_route=%2Fwp%2Fv2%2Fcomments&post=2016"}],"version-history":[{"count":12,"href":"https:\/\/castellersdesparreguera.cat\/index.php?rest_route=\/wp\/v2\/pages\/2016\/revisions"}],"predecessor-version":[{"id":12063,"href":"https:\/\/castellersdesparreguera.cat\/index.php?rest_route=\/wp\/v2\/pages\/2016\/revisions\/12063"}],"wp:attachment":[{"href":"https:\/\/castellersdesparreguera.cat\/index.php?rest_route=%2Fwp%2Fv2%2Fmedia&parent=2016"}],"curies":[{"name":"wp","href":"https:\/\/api.w.org\/{rel}","templated":true}]}}