{"id":2059,"date":"2018-04-15T19:51:37","date_gmt":"2018-04-15T17:51:37","guid":{"rendered":"http:\/\/castellersdesparreguera.cat\/?page_id=2059"},"modified":"2020-10-09T21:22:13","modified_gmt":"2020-10-09T19:22:13","slug":"fes-te-soci","status":"publish","type":"page","link":"https:\/\/castellersdesparreguera.cat\/?page_id=2059","title":{"rendered":"Fes-te soci"},"content":{"rendered":"<p><section class=\"kc-elm kc-css-704928 kc_row\"><div class=\"kc-row-container  kc-container\"><div class=\"kc-wrap-columns\"><div class=\"kc-elm kc-css-49852 kc_col-sm-12 kc_column kc_col-sm-12\"><div class=\"kc-col-container\"><div class=\"kc-elm kc-css-531548 kc_shortcode kc_single_image\">\n\n        <img decoding=\"async\" src=\"https:\/\/castellersdesparreguera.cat\/wp-content\/uploads\/2018\/04\/Fes-te-soci.jpg\" class=\"\" alt=\"\" \/>    <\/div>\n<div class=\"kc-elm kc-css-914667\" style=\"height: 50px; clear: both; width:100%;\"><\/div><\/div><\/div><\/div><\/div><\/section><section class=\"kc-elm kc-css-422963 kc_row\"><div class=\"kc-row-container  kc-container\"><div class=\"kc-wrap-columns\"><div class=\"kc-elm kc-css-221443 kc_col-sm-12 kc_column kc_col-sm-12\"><div class=\"kc-col-container\"><div class=\"kc-elm kc-css-560453 kc_text_block\"><\/p>\n<p style=\"text-align: center;\" align=\"center\"><span lang=\"CA\">Ser soci protector \u00e9s formar part de l\u2019emoci\u00f3 i la il\u00b7lusi\u00f3 de continuar al\u00e7ant cada cop castells m\u00e9s alts. \u00c9s participar en totes les activitats i ajudar a construir una colla amb projecci\u00f3, que intenta fer els millors castells. Amb tu som m\u00e9s forts com a instituci\u00f3 i com a colla.<\/span><span lang=\"CA\">\u00a0<\/span><\/p>\n<p style=\"text-align: center;\"><strong><span lang=\"CA\">Entra a formar part de la hist\u00f2ria de la colla. Sigues soci!<\/span><\/strong><\/p>\n<p>\n<\/div><\/div><\/div><\/div><\/div><\/section><section class=\"kc-elm kc-css-679230 kc_row\"><div class=\"kc-row-container  kc-container\"><div class=\"kc-wrap-columns\"><div class=\"kc-elm kc-css-133338 kc_col-sm-12 kc_column kc_col-sm-12\"><div class=\"kc-col-container\"><div class=\"kc-elm kc-css-448725\" style=\"height: 50px; clear: both; width:100%;\"><\/div><div class=\"kc-elm kc-css-225420 kc_text_block\"><\/p>\n<p><strong><span lang=\"CA\">QUE \u00c9S SER SOCI PROTECTOR?<\/span><\/strong><\/p>\n<p><span lang=\"CA\">\u00c9s aquella persona f\u00edsica o jur\u00eddica que, de forma desinteressada, realitza una aportaci\u00f3 econ\u00f2mica anual.<\/span><\/p>\n<p><span lang=\"CA\">\u00a0<\/span><\/p>\n<p><strong><span lang=\"CA\">PERQU\u00c8 SER SOCI PROTECTOR?<\/span><\/strong><\/p>\n<p><span lang=\"CA\">La primera finalitat \u00e9s ajudar al manteniment econ\u00f2mic de la colla per fer possible les moltes activitats que es realitzen. Tamb\u00e9 ajudar a donar a con\u00e8ixer el fet casteller, la cultura popular i el nostre poble en particular.<\/span><\/p>\n<p><span lang=\"CA\">\u00a0<\/span><\/p>\n<p><strong><span lang=\"CA\">QUI \u00c9S SOCI PROTECTOR?<\/span><\/strong><\/p>\n<p><span lang=\"CA\">Tothom qui col\u00b7labora amb la colla econ\u00f2micament mitjan\u00e7ant una quota anual.<\/span><\/p>\n<p><span lang=\"CA\">\u00a0<\/span><\/p>\n<div align=\"center\">\n<div align=\"center\">\n<table border=\"1\" width=\"100%\" cellspacing=\"0\" cellpadding=\"0\">\n<tbody>\n<tr>\n<td valign=\"top\" width=\"27%\">\n<p align=\"center\"><strong><span lang=\"CA\">Soci<\/span><\/strong><\/p>\n<\/td>\n<td valign=\"top\" width=\"37%\">\n<p align=\"center\"><strong><span lang=\"CA\">Caracter\u00edstiques<\/span><\/strong><\/p>\n<\/td>\n<td valign=\"top\" width=\"36%\">\n<p align=\"center\"><span lang=\"CA\"><strong>Quota m\u00ednim<\/strong>a<\/span><\/p>\n<\/td>\n<\/tr>\n<tr>\n<td width=\"27%\">\n<p align=\"center\"><span lang=\"CA\">Nens<\/span><\/p>\n<\/td>\n<td width=\"37%\">\n<p align=\"center\"><span lang=\"CA\">Persones fins a 16 anys<\/span><\/p>\n<\/td>\n<td width=\"36%\">\n<p align=\"center\"><span lang=\"CA\">12,00 \u20ac\/any<\/span><\/p>\n<\/td>\n<\/tr>\n<tr>\n<td width=\"27%\">\n<p align=\"center\"><span lang=\"CA\">Adult<\/span><\/p>\n<\/td>\n<td width=\"37%\">\n<p align=\"center\"><span lang=\"CA\">Persones a partir de 16 anys<\/span><\/p>\n<\/td>\n<td width=\"36%\">\n<p align=\"center\"><span lang=\"CA\">25,00 \u20ac\/any<\/span><\/p>\n<\/td>\n<\/tr>\n<tr>\n<td width=\"27%\">\n<p align=\"center\"><span lang=\"CA\">Familiar<\/span><\/p>\n<\/td>\n<td width=\"37%\">\n<p align=\"center\"><span lang=\"CA\">Nuclis familiars a partir de 4 o m\u00e9s membres que convisquin a la mateixa llar<\/span><\/p>\n<\/td>\n<td width=\"36%\">\n<p align=\"center\"><span lang=\"CA\">70,00 \u20ac\/any<\/span><\/p>\n<\/td>\n<\/tr>\n<\/tbody>\n<\/table>\n<\/div>\n<\/div>\n<p align=\"center\"><em><span lang=\"CA\">Les quotes proposades s\u00f3n m\u00ednimes i es podran incrementar a voluntat del soci.<\/span><\/em><\/p>\n<p align=\"center\"><em><span lang=\"CA\">Les quotes proposades resten a modificaci\u00f3 segons Assemblea General Anual.<\/span><\/em><\/p>\n<p><span lang=\"CA\">\u00a0<\/span><\/p>\n<p><strong><span lang=\"CA\">SER SOCI PROTECTOR CASTELLER COMPORTA:<\/span><\/strong><\/p>\n<ul>\n<li><span lang=\"CA\">Ajudar al necessari manteniment de la colla.<\/span><\/li>\n<li><span lang=\"CA\">Els socis que ho sol\u00b7licitin tenen el dret a rebre m\u00e9s informaci\u00f3 sobre el funcionament i la gesti\u00f3 de la colla, aix\u00ed com qualsevol altre tipus d\u2019informaci\u00f3.<\/span><\/li>\n<li><span lang=\"CA\">Estar informats i participar en tots els actes organitzats per la colla.<\/span><\/li>\n<li><span lang=\"CA\">Preu especial en les activitats que realitzi la colla.\u00a0<\/span><\/li>\n<\/ul>\n<p><span lang=\"CA\">Fes-te soci protector casteller i busca\u2019n d&#8217;altres. Tu, la teva fam\u00edlia, les amistats, tothom interessat en la nostra colla i\/o en el m\u00f3n casteller.<\/span><\/p>\n<p><span lang=\"CA\">\u00a0<\/span><\/p>\n<p style=\"text-align: center;\"><span lang=\"CA\">Imprimeix i entrega complimentat l\u2019arxiu adjunt a continuaci\u00f3 o envia\u2019l al correu de la colla.\u00a0<\/span><\/p>\n<p align=\"center\"><strong><span lang=\"CA\">\u00c9s aix\u00ed de senzill.<\/span><\/strong><\/p>\n<p align=\"center\"><strong><span lang=\"CA\">MOLTES GR\u00c0CIES<\/span><\/strong><\/p>\n<p><span lang=\"CA\">\u00a0<\/span><\/p>\n<p>\n<\/div><\/div><\/div><\/div><\/div><\/section><section class=\"kc-elm kc-css-717751 kc_row\"><div class=\"kc-row-container  kc-container\"><div class=\"kc-wrap-columns\"><div class=\"kc-elm kc-css-20143 kc_col-sm-4 kc_column kc_col-sm-4\"><div class=\"kc-col-container\"><\/div><\/div><div class=\"kc-elm kc-css-660030 kc_col-sm-4 kc_column kc_col-sm-4\"><div class=\"kc-col-container\"><div class=\"kc-elm kc-css-248581 kc-feature-boxes kc-fb-layout-1\">\n\n\t<div class=\"content-icon\"><i class=\"et-clipboard\"><\/i><\/div><div class=\"content-title\">Fitxa soci protector<\/div><div class=\"content-button\"><a href=\"https:\/\/drive.google.com\/open?id=1JKer0HvgOnsChkpINNxflr0ZJXyPxWaw\" target=\"_blank\" title=\"\">DESCARREGAR<\/a><\/div>\n<\/div>\n<\/div><\/div><div class=\"kc-elm kc-css-974716 kc_col-sm-4 kc_column kc_col-sm-4\"><div class=\"kc-col-container\"><\/div><\/div><\/div><\/div><\/section><\/p>\n","protected":false},"excerpt":{"rendered":"","protected":false},"author":1,"featured_media":0,"parent":0,"menu_order":10,"comment_status":"closed","ping_status":"closed","template":"","meta":{"footnotes":""},"class_list":["post-2059","page","type-page","status-publish","hentry"],"_links":{"self":[{"href":"https:\/\/castellersdesparreguera.cat\/index.php?rest_route=\/wp\/v2\/pages\/2059","targetHints":{"allow":["GET"]}}],"collection":[{"href":"https:\/\/castellersdesparreguera.cat\/index.php?rest_route=\/wp\/v2\/pages"}],"about":[{"href":"https:\/\/castellersdesparreguera.cat\/index.php?rest_route=\/wp\/v2\/types\/page"}],"author":[{"embeddable":true,"href":"https:\/\/castellersdesparreguera.cat\/index.php?rest_route=\/wp\/v2\/users\/1"}],"replies":[{"embeddable":true,"href":"https:\/\/castellersdesparreguera.cat\/index.php?rest_route=%2Fwp%2Fv2%2Fcomments&post=2059"}],"version-history":[{"count":12,"href":"https:\/\/castellersdesparreguera.cat\/index.php?rest_route=\/wp\/v2\/pages\/2059\/revisions"}],"predecessor-version":[{"id":8415,"href":"https:\/\/castellersdesparreguera.cat\/index.php?rest_route=\/wp\/v2\/pages\/2059\/revisions\/8415"}],"wp:attachment":[{"href":"https:\/\/castellersdesparreguera.cat\/index.php?rest_route=%2Fwp%2Fv2%2Fmedia&parent=2059"}],"curies":[{"name":"wp","href":"https:\/\/api.w.org\/{rel}","templated":true}]}}